{"id":629,"date":"2020-09-15T06:48:15","date_gmt":"2020-09-15T06:48:15","guid":{"rendered":"http:\/\/pastoralfamiliayvida.com.ar\/index.php\/home\/"},"modified":"2026-03-25T10:21:15","modified_gmt":"2026-03-25T13:21:15","slug":"home","status":"publish","type":"page","link":"https:\/\/pastoralfamiliayvida.com.ar\/index.php\/home\/","title":{"rendered":"Inicio"},"content":{"rendered":"\n<div class=\"wp-block-cover is-light\" style=\"min-height:100vh;aspect-ratio:unset;\"><img loading=\"lazy\" decoding=\"async\" width=\"2000\" height=\"1500\" class=\"wp-block-cover__image-background wp-image-692\" alt=\"\" src=\"https:\/\/pastoralfamiliayvida.com.ar\/wp-content\/uploads\/2021\/06\/133826611_10220882944361238_5962243690937984811_n.jpg\" data-object-fit=\"cover\" srcset=\"https:\/\/pastoralfamiliayvida.com.ar\/wp-content\/uploads\/2021\/06\/133826611_10220882944361238_5962243690937984811_n.jpg 2000w, https:\/\/pastoralfamiliayvida.com.ar\/wp-content\/uploads\/2021\/06\/133826611_10220882944361238_5962243690937984811_n-300x225.jpg 300w, https:\/\/pastoralfamiliayvida.com.ar\/wp-content\/uploads\/2021\/06\/133826611_10220882944361238_5962243690937984811_n-1024x768.jpg 1024w, https:\/\/pastoralfamiliayvida.com.ar\/wp-content\/uploads\/2021\/06\/133826611_10220882944361238_5962243690937984811_n-768x576.jpg 768w, https:\/\/pastoralfamiliayvida.com.ar\/wp-content\/uploads\/2021\/06\/133826611_10220882944361238_5962243690937984811_n-1536x1152.jpg 1536w\" sizes=\"auto, (max-width: 2000px) 100vw, 2000px\" \/><span aria-hidden=\"true\" class=\"wp-block-cover__background has-background-dim-30 has-background-dim\" style=\"background-color:#040219\"><\/span><div class=\"wp-block-cover__inner-container is-layout-flow wp-block-cover-is-layout-flow\">\n<hr class=\"wp-block-separator has-css-opacity aligncenter\"\/>\n\n\n\n<h2 class=\"wp-block-heading has-text-align-center has-white-color has-text-color\"><strong>PASTORAL FAMILIA Y VIDA<\/strong><\/h2>\n\n\n\n<p><\/p>\n<\/div><\/div>\n\n\n\n<div class=\"inherit-container-width wp-block-group alignfull has-background is-layout-constrained wp-block-group-is-layout-constrained\" style=\"background-color:#f4f5f9\"><div class=\"wp-block-group__inner-container\">\n<p class=\"has-text-align-center\"><strong>El primer derecho es el derecho a la vida.<\/strong><\/p>\n\n\n\n<h2 class=\"wp-block-heading\">LA BELLEZA DE LA VIDA EN EL VIENTRE MATERNO<\/h2>\n\n\n\n<p>En el marco del D\u00eda del Ni\u00f1o por Nacer, te invitamos a participar del encuentro \u201cLA BELLEZA DE LA VIDA EN EL VIENTRE MATERNO\u201d.<br>\u2728 Un encuentro para descubrir, reflexionar y volver a mirar la vida con otros ojos.<br>\ud83d\udcc5 Viernes 27 de marzo<br>\ud83d\udd57 20:00 Hs.<br>\ud83d\udccd Parroquia San Jos\u00e9 Obrero (Constituci\u00f3n 323 \u2013 Cuyaya)<br>Contaremos con las disertaciones de la Bioq. Susana Canil, quien abordar\u00e1 la realidad desde una mirada cient\u00edfica, y del Pbro. Germ\u00e1n Maccagno, quien profundizar\u00e1 en la dignidad de toda vida humana.<br>Ser\u00e1 un espacio para informarnos, reflexionar y dar pasos concretos en el cuidado del don de la vida.<br><\/p>\n\n\n\n<p><strong>D\u00cdA DEL NI\u00d1O POR NACER<\/strong><br>El D\u00eda del Ni\u00f1o por Nacer nos invita a hacer visible lo invisible, a poner nombre y valor a esa vida que muchas veces no tiene voz. Es una oportunidad para recordar que cada persona, antes de ser conocida por el mundo, ya es conocida y amada por Dios. Celebrar este d\u00eda es, en definitiva, comprometernos con una cultura del cuidado, donde cada vida sea respetada desde su inicio hasta su fin natural.<br>\ud83d\udc9b Cuidemos juntos el don de la vida.<br>\ud83c\udf9f\ufe0f Entrada libre y gratuita. \u00a1Te esperamos!<br>Organizan: Parroquia San Jos\u00e9 Obrero y Pastoral Familia y Vida de la Di\u00f3cesis de Jujuy.<\/p>\n\n\n\n<figure class=\"wp-block-image size-large\"><img loading=\"lazy\" decoding=\"async\" width=\"819\" height=\"1024\" src=\"https:\/\/pastoralfamiliayvida.com.ar\/wp-content\/uploads\/2026\/03\/DIA-NINO-POR-NACER-2026-819x1024.jpeg\" alt=\"\" class=\"wp-image-1157\" srcset=\"https:\/\/pastoralfamiliayvida.com.ar\/wp-content\/uploads\/2026\/03\/DIA-NINO-POR-NACER-2026-819x1024.jpeg 819w, https:\/\/pastoralfamiliayvida.com.ar\/wp-content\/uploads\/2026\/03\/DIA-NINO-POR-NACER-2026-240x300.jpeg 240w, https:\/\/pastoralfamiliayvida.com.ar\/wp-content\/uploads\/2026\/03\/DIA-NINO-POR-NACER-2026-768x960.jpeg 768w, https:\/\/pastoralfamiliayvida.com.ar\/wp-content\/uploads\/2026\/03\/DIA-NINO-POR-NACER-2026.jpeg 1024w\" sizes=\"auto, (max-width: 819px) 100vw, 819px\" \/><\/figure>\n\n\n\n<p>.<\/p>\n\n\n\n<hr class=\"wp-block-separator has-alpha-channel-opacity\"\/>\n\n\n\n<figure class=\"wp-block-pullquote has-border-color\" style=\"border-color:#000000\"><blockquote><p>&#8220;Junto con todos los hombres y mujeres que descubren la vida como un don, los cristianos tambi\u00e9n queremos aportar nuestra voz, no para imponer una concepci\u00f3n religiosa sino a partir de nuestras convicciones razonables y humanas&#8221;.&nbsp;&nbsp;<\/p><cite>Declaraci\u00f3n de la Comisi\u00f3n Ejecutiva: Respetuosos de la vida &#8211; Conferencia Episcopal Argentina.<\/cite><\/blockquote><\/figure>\n\n\n\n<p><\/p>\n<\/div><\/div>\n","protected":false},"excerpt":{"rendered":"<p>El primer derecho es el derecho a la vida. LA BELLEZA DE LA VIDA EN EL VIENTRE MATERNO En el marco del D\u00eda del Ni\u00f1o por Nacer, te invitamos a participar del encuentro \u201cLA BELLEZA DE LA VIDA EN EL VIENTRE MATERNO\u201d.\u2728 Un encuentro para descubrir, reflexionar y volver a mirar la vida con otros [&hellip;]<\/p>\n","protected":false},"author":1,"featured_media":0,"parent":0,"menu_order":0,"comment_status":"closed","ping_status":"closed","template":"","meta":{"site-sidebar-layout":"no-sidebar","site-content-layout":"plain-container","ast-site-content-layout":"normal-width-container","site-content-style":"unboxed","site-sidebar-style":"unboxed","ast-global-header-display":"","ast-banner-title-visibility":"","ast-main-header-display":"","ast-hfb-above-header-display":"","ast-hfb-below-header-display":"","ast-hfb-mobile-header-display":"","site-post-title":"disabled","ast-breadcrumbs-content":"","ast-featured-img":"","footer-sml-layout":"","ast-disable-related-posts":"","theme-transparent-header-meta":"enabled","adv-header-id-meta":"","stick-header-meta":"","header-above-stick-meta":"","header-main-stick-meta":"","header-below-stick-meta":"","astra-migrate-meta-layouts":"set","ast-page-background-enabled":"default","ast-page-background-meta":{"desktop":{"background-color":"","background-image":"","background-repeat":"repeat","background-position":"center center","background-size":"auto","background-attachment":"scroll","background-type":"","background-media":"","overlay-type":"","overlay-color":"","overlay-opacity":"","overlay-gradient":""},"tablet":{"background-color":"","background-image":"","background-repeat":"repeat","background-position":"center center","background-size":"auto","background-attachment":"scroll","background-type":"","background-media":"","overlay-type":"","overlay-color":"","overlay-opacity":"","overlay-gradient":""},"mobile":{"background-color":"","background-image":"","background-repeat":"repeat","background-position":"center center","background-size":"auto","background-attachment":"scroll","background-type":"","background-media":"","overlay-type":"","overlay-color":"","overlay-opacity":"","overlay-gradient":""}},"ast-content-background-meta":{"desktop":{"background-color":"var(--ast-global-color-5)","background-image":"","background-repeat":"repeat","background-position":"center center","background-size":"auto","background-attachment":"scroll","background-type":"","background-media":"","overlay-type":"","overlay-color":"","overlay-opacity":"","overlay-gradient":""},"tablet":{"background-color":"var(--ast-global-color-5)","background-image":"","background-repeat":"repeat","background-position":"center center","background-size":"auto","background-attachment":"scroll","background-type":"","background-media":"","overlay-type":"","overlay-color":"","overlay-opacity":"","overlay-gradient":""},"mobile":{"background-color":"var(--ast-global-color-5)","background-image":"","background-repeat":"repeat","background-position":"center center","background-size":"auto","background-attachment":"scroll","background-type":"","background-media":"","overlay-type":"","overlay-color":"","overlay-opacity":"","overlay-gradient":""}},"footnotes":""},"class_list":["post-629","page","type-page","status-publish","hentry"],"_links":{"self":[{"href":"https:\/\/pastoralfamiliayvida.com.ar\/index.php\/wp-json\/wp\/v2\/pages\/629","targetHints":{"allow":["GET"]}}],"collection":[{"href":"https:\/\/pastoralfamiliayvida.com.ar\/index.php\/wp-json\/wp\/v2\/pages"}],"about":[{"href":"https:\/\/pastoralfamiliayvida.com.ar\/index.php\/wp-json\/wp\/v2\/types\/page"}],"author":[{"embeddable":true,"href":"https:\/\/pastoralfamiliayvida.com.ar\/index.php\/wp-json\/wp\/v2\/users\/1"}],"replies":[{"embeddable":true,"href":"https:\/\/pastoralfamiliayvida.com.ar\/index.php\/wp-json\/wp\/v2\/comments?post=629"}],"version-history":[{"count":65,"href":"https:\/\/pastoralfamiliayvida.com.ar\/index.php\/wp-json\/wp\/v2\/pages\/629\/revisions"}],"predecessor-version":[{"id":1160,"href":"https:\/\/pastoralfamiliayvida.com.ar\/index.php\/wp-json\/wp\/v2\/pages\/629\/revisions\/1160"}],"wp:attachment":[{"href":"https:\/\/pastoralfamiliayvida.com.ar\/index.php\/wp-json\/wp\/v2\/media?parent=629"}],"curies":[{"name":"wp","href":"https:\/\/api.w.org\/{rel}","templated":true}]}}